{"id":149,"date":"2018-09-21T20:17:41","date_gmt":"2018-09-21T20:17:41","guid":{"rendered":"http:\/\/vdai2002.ro\/?page_id=149"},"modified":"2019-08-13T05:57:13","modified_gmt":"2019-08-13T05:57:13","slug":"ra4-fa","status":"publish","type":"page","link":"http:\/\/vdai2002.ro\/index.php\/ra4-fa\/","title":{"rendered":"RA4\/FA"},"content":{"rendered":"<p>Fujifilm poate furniza o gam\u0103 complet\u0103 de produse Fuji Hunt pentru utilizarea \u00een echipamentele <strong><span style=\"text-decoration: underline;\">Noritsu, Agfa, KIS \u0219i Konica, vechi \u0219i noi<\/span><\/strong>. Toate produsele sunt complet \u00eencercate \u0219i testate \u0219i pot fi utilizate cu \u00eencredere complet\u0103.<\/p>\n<p>&nbsp;<\/p>\n<p>Cea mai mare parte a liniei de produse este format\u0103 din produse de control aerian (AC) care sunt unice \u00een categoria lor.\u00a0 Utiliz\u00e2nd aceste produseelimina\u021bi mirosul nepl\u0103cut \u0219i garantati un mediu potrivit pentru clientii dvs. Pentru a ob\u021bine o calitate cu standarde inalte a imprim\u0103rii, este recomandat s\u0103 folosi\u021bi \u00eentotdeauna Air Control Developers \u00eempreun\u0103 cu Bleach-Fixers pentru controlul aerului.<\/p>\n<p><span style=\"color: #ff0000;\"><strong>Dac\u0103 doriti mai multe detalii, nu ezita\u021bi s\u0103 ne contacta\u021bi!<\/strong><\/span><\/p>\n<p><img loading=\"lazy\" decoding=\"async\" class=\"wp-image-151 size-large aligncenter\" src=\"http:\/\/vdai2002.ro\/wp-content\/uploads\/2018\/09\/Untitled-3-1024x260.jpg\" alt=\"\" width=\"678\" height=\"172\" srcset=\"http:\/\/vdai2002.ro\/wp-content\/uploads\/2018\/09\/Untitled-3-1024x260.jpg 1024w, http:\/\/vdai2002.ro\/wp-content\/uploads\/2018\/09\/Untitled-3-600x152.jpg 600w, http:\/\/vdai2002.ro\/wp-content\/uploads\/2018\/09\/Untitled-3-300x76.jpg 300w, http:\/\/vdai2002.ro\/wp-content\/uploads\/2018\/09\/Untitled-3-768x195.jpg 768w, http:\/\/vdai2002.ro\/wp-content\/uploads\/2018\/09\/Untitled-3.jpg 1181w\" sizes=\"(max-width: 678px) 100vw, 678px\" \/><\/p>\n","protected":false},"excerpt":{"rendered":"<p>Fujifilm poate furniza o gam\u0103 complet\u0103 de produse Fuji Hunt pentru utilizarea \u00een echipamentele Noritsu, Agfa, KIS \u0219i Konica, vechi \u0219i noi. Toate produsele sunt complet \u00eencercate \u0219i testate \u0219i pot fi utilizate cu \u00eencredere complet\u0103. &nbsp; Cea mai mare parte a liniei de produse este format\u0103 din produse de control aerian (AC) care sunt [&hellip;]<\/p>\n","protected":false},"author":1,"featured_media":244,"parent":0,"menu_order":0,"comment_status":"closed","ping_status":"closed","template":"templates\/page-left-sidebar.php","meta":{"_exactmetrics_skip_tracking":false,"_exactmetrics_sitenote_active":false,"_exactmetrics_sitenote_note":"","_exactmetrics_sitenote_category":0,"_monsterinsights_skip_tracking":false,"_monsterinsights_sitenote_active":false,"_monsterinsights_sitenote_note":"","_monsterinsights_sitenote_category":0,"jetpack_post_was_ever_published":false,"footnotes":""},"jetpack_sharing_enabled":true,"jetpack_shortlink":"https:\/\/wp.me\/Pakcvb-2p","_links":{"self":[{"href":"http:\/\/vdai2002.ro\/index.php\/wp-json\/wp\/v2\/pages\/149"}],"collection":[{"href":"http:\/\/vdai2002.ro\/index.php\/wp-json\/wp\/v2\/pages"}],"about":[{"href":"http:\/\/vdai2002.ro\/index.php\/wp-json\/wp\/v2\/types\/page"}],"author":[{"embeddable":true,"href":"http:\/\/vdai2002.ro\/index.php\/wp-json\/wp\/v2\/users\/1"}],"replies":[{"embeddable":true,"href":"http:\/\/vdai2002.ro\/index.php\/wp-json\/wp\/v2\/comments?post=149"}],"version-history":[{"count":7,"href":"http:\/\/vdai2002.ro\/index.php\/wp-json\/wp\/v2\/pages\/149\/revisions"}],"predecessor-version":[{"id":653,"href":"http:\/\/vdai2002.ro\/index.php\/wp-json\/wp\/v2\/pages\/149\/revisions\/653"}],"wp:featuredmedia":[{"embeddable":true,"href":"http:\/\/vdai2002.ro\/index.php\/wp-json\/wp\/v2\/media\/244"}],"wp:attachment":[{"href":"http:\/\/vdai2002.ro\/index.php\/wp-json\/wp\/v2\/media?parent=149"}],"curies":[{"name":"wp","href":"https:\/\/api.w.org\/{rel}","templated":true}]}}