{"id":161,"date":"2018-09-22T09:14:31","date_gmt":"2018-09-22T09:14:31","guid":{"rendered":"http:\/\/vdai2002.ro\/?page_id=161"},"modified":"2018-10-04T19:21:15","modified_gmt":"2018-10-04T19:21:15","slug":"fujifilm-c41-cn-16-chimicala-film","status":"publish","type":"page","link":"http:\/\/vdai2002.ro\/index.php\/fujifilm-c41-cn-16-chimicala-film\/","title":{"rendered":"C41 \/ CN-16 CHIMICALA FILM"},"content":{"rendered":"<p style=\"text-align: justify;\">Fujifilm ofer\u0103 o gam\u0103 larg\u0103 de produse chimice de procesare C41, dintre care produsele controlate cu aer, unice \u00een categoria lor, prin urmare, aceste produse chimice controlate de aer elimin\u0103 mirosul nepl\u0103cut \u0219i garanteaz\u0103 un mediu de lucru frumos pentru clien\u021bii dvs.<\/p>\n<p>Chimia \u00een pachete standard este disponibil\u0103 pentru toate procesoarele CN-16Q, CN-16FA \u0219i CN-16L.<br \/>\nMaterialele CN-16S \u0219i CN-16SER se g\u0103sesc \u00een pachete speciale concepute pentru a se introduce direct \u00een minilabele de tip SC. Procesul nu a fost niciodat\u0103 mai u\u0219or,\u00a0 sticlele sunt cl\u0103tite automat pentru a se asigura c\u0103 nu mai r\u0103m\u00e2ne niciun concentrat \u00een sticl\u0103. Acest lucru face ca eliminarea s\u0103 fie \u0219i mai u\u0219oar\u0103.<\/p>\n<p>Fujifilm poate furniza o gam\u0103 complet\u0103 de produse Fuji Hunt pentru utilizarea \u00een echipamentele Agfa, Konica \u0219i Noritsu. Toate produsele sunt complet \u00eencercate \u0219i testate \u0219i pot fi utilizate cu \u00eencredere complet\u0103.<\/p>\n<p>&nbsp;<\/p>\n<p><span style=\"color: #ff0000;\"><strong>Dac\u0103 doriti mai multe detalii, nu ezita\u021bi s\u0103 ne contacta\u021bi!<\/strong><\/span><\/p>\n<p><img loading=\"lazy\" decoding=\"async\" class=\"wp-image-162 size-large aligncenter\" src=\"http:\/\/vdai2002.ro\/wp-content\/uploads\/2018\/09\/10-1024x260.jpg\" alt=\"\" width=\"678\" height=\"172\" srcset=\"http:\/\/vdai2002.ro\/wp-content\/uploads\/2018\/09\/10-1024x260.jpg 1024w, http:\/\/vdai2002.ro\/wp-content\/uploads\/2018\/09\/10-600x152.jpg 600w, http:\/\/vdai2002.ro\/wp-content\/uploads\/2018\/09\/10-300x76.jpg 300w, http:\/\/vdai2002.ro\/wp-content\/uploads\/2018\/09\/10-768x195.jpg 768w, http:\/\/vdai2002.ro\/wp-content\/uploads\/2018\/09\/10.jpg 1181w\" sizes=\"(max-width: 678px) 100vw, 678px\" \/><\/p>\n<p><a href=\"https:\/\/www.fujifilm.eu\/eu\/products\/photofinishing\/photochemicals\/c41-cn-16-film-chemistry\"><strong>Sursa<\/strong><\/a><\/p>\n","protected":false},"excerpt":{"rendered":"<p>Fujifilm ofer\u0103 o gam\u0103 larg\u0103 de produse chimice de procesare C41, dintre care produsele controlate cu aer, unice \u00een categoria lor, prin urmare, aceste produse chimice controlate de aer elimin\u0103 mirosul nepl\u0103cut \u0219i garanteaz\u0103 un mediu de lucru frumos pentru clien\u021bii dvs. Chimia \u00een pachete standard este disponibil\u0103 pentru toate procesoarele CN-16Q, CN-16FA \u0219i CN-16L. [&hellip;]<\/p>\n","protected":false},"author":1,"featured_media":244,"parent":0,"menu_order":0,"comment_status":"closed","ping_status":"closed","template":"templates\/page-left-sidebar.php","meta":{"_exactmetrics_skip_tracking":false,"_exactmetrics_sitenote_active":false,"_exactmetrics_sitenote_note":"","_exactmetrics_sitenote_category":0,"_monsterinsights_skip_tracking":false,"_monsterinsights_sitenote_active":false,"_monsterinsights_sitenote_note":"","_monsterinsights_sitenote_category":0,"jetpack_post_was_ever_published":false,"footnotes":""},"jetpack_sharing_enabled":true,"jetpack_shortlink":"https:\/\/wp.me\/Pakcvb-2B","_links":{"self":[{"href":"http:\/\/vdai2002.ro\/index.php\/wp-json\/wp\/v2\/pages\/161"}],"collection":[{"href":"http:\/\/vdai2002.ro\/index.php\/wp-json\/wp\/v2\/pages"}],"about":[{"href":"http:\/\/vdai2002.ro\/index.php\/wp-json\/wp\/v2\/types\/page"}],"author":[{"embeddable":true,"href":"http:\/\/vdai2002.ro\/index.php\/wp-json\/wp\/v2\/users\/1"}],"replies":[{"embeddable":true,"href":"http:\/\/vdai2002.ro\/index.php\/wp-json\/wp\/v2\/comments?post=161"}],"version-history":[{"count":5,"href":"http:\/\/vdai2002.ro\/index.php\/wp-json\/wp\/v2\/pages\/161\/revisions"}],"predecessor-version":[{"id":246,"href":"http:\/\/vdai2002.ro\/index.php\/wp-json\/wp\/v2\/pages\/161\/revisions\/246"}],"wp:featuredmedia":[{"embeddable":true,"href":"http:\/\/vdai2002.ro\/index.php\/wp-json\/wp\/v2\/media\/244"}],"wp:attachment":[{"href":"http:\/\/vdai2002.ro\/index.php\/wp-json\/wp\/v2\/media?parent=161"}],"curies":[{"name":"wp","href":"https:\/\/api.w.org\/{rel}","templated":true}]}}