{"id":50,"date":"2018-09-21T13:15:57","date_gmt":"2018-09-21T13:15:57","guid":{"rendered":"http:\/\/vdai2002.ro\/?page_id=50"},"modified":"2018-10-04T19:27:56","modified_gmt":"2018-10-04T19:27:56","slug":"consumabile-foto","status":"publish","type":"page","link":"http:\/\/vdai2002.ro\/index.php\/consumabile-foto\/","title":{"rendered":"Consumabile FRONTIER S DX100"},"content":{"rendered":"<p>&nbsp;<\/p>\n<h3><img loading=\"lazy\" decoding=\"async\" class=\"alignleft wp-image-269 size-thumbnail\" src=\"http:\/\/vdai2002.ro\/wp-content\/uploads\/2018\/09\/6_22_Box_of_DX_Glossy_Paper_Product_Code_7160489_m-150x150.jpg\" alt=\"\" width=\"150\" height=\"150\" srcset=\"http:\/\/vdai2002.ro\/wp-content\/uploads\/2018\/09\/6_22_Box_of_DX_Glossy_Paper_Product_Code_7160489_m-150x150.jpg 150w, http:\/\/vdai2002.ro\/wp-content\/uploads\/2018\/09\/6_22_Box_of_DX_Glossy_Paper_Product_Code_7160489_m-300x300.jpg 300w, http:\/\/vdai2002.ro\/wp-content\/uploads\/2018\/09\/6_22_Box_of_DX_Glossy_Paper_Product_Code_7160489_m-100x100.jpg 100w\" sizes=\"(max-width: 150px) 100vw, 150px\" \/>H\u00e2rtie inkjet pentru Frontier S DX100<\/h3>\n<p style=\"text-align: justify; padding-left: 30px;\">Aceast\u0103 este proiectat\u0103 s\u0103 func\u021bioneze cu imprimanta foto Frontier-S DX100 \u0219i este optimizat\u0103 pentru sistemul de cerneal\u0103 VIVIDIA cu \u0219ase culori folosit de imprimant\u0103.<\/p>\n<p>&nbsp;<\/p>\n<p><em><strong>Tipuri \u0219i dimensiuni<\/strong><\/em><\/p>\n<p>152mm\/65m &#8211; LUSTRE\/GLOSSY<\/p>\n<p>127mm\/65m &#8211; LUSTRE\/GLOSSY<\/p>\n<p>203mm\/65m &#8211; LUSTRE\/GLOSSY<\/p>\n<p>&nbsp;<\/p>\n<h3><img loading=\"lazy\" decoding=\"async\" class=\"alignleft wp-image-272 size-thumbnail\" src=\"http:\/\/vdai2002.ro\/wp-content\/uploads\/2018\/09\/cartucho-fujifilm-original-p-smart-lab-frontier-dx100-D_NQ_NP_853455-MLB25840436189_082017-F-150x150.jpg\" alt=\"\" width=\"150\" height=\"150\" srcset=\"http:\/\/vdai2002.ro\/wp-content\/uploads\/2018\/09\/cartucho-fujifilm-original-p-smart-lab-frontier-dx100-D_NQ_NP_853455-MLB25840436189_082017-F-150x150.jpg 150w, http:\/\/vdai2002.ro\/wp-content\/uploads\/2018\/09\/cartucho-fujifilm-original-p-smart-lab-frontier-dx100-D_NQ_NP_853455-MLB25840436189_082017-F-300x300.jpg 300w, http:\/\/vdai2002.ro\/wp-content\/uploads\/2018\/09\/cartucho-fujifilm-original-p-smart-lab-frontier-dx100-D_NQ_NP_853455-MLB25840436189_082017-F-100x100.jpg 100w\" sizes=\"(max-width: 150px) 100vw, 150px\" \/>Ink\u00a0 (Cerneal\u0103) pentru Frontier S DX100<\/h3>\n<p style=\"text-align: justify;\">Cernelurile colorate &#8220;VIVIDIA&#8221; au fost dezvoltate pentru printuri de \u00eenalt\u0103 calitate. Acestea utilizeaz\u0103 un colorant unic care este u\u0219or \u0219i rezistent. Sistemul de cerneal\u0103 &#8220;VIVIDIA&#8221; realizeaz\u0103 granularitatea \u0219i gradarea \u00eembun\u0103t\u0103\u021bit\u0103, produc\u00e2nd \u00eembun\u0103t\u0103\u021biri remarcabile \u00een zonele cu densitate medie, cum ar fi tonurile pielii, cerul albastru, fundalul gradient. Fiecare cartu\u0219 are 200ml.<\/p>\n<p>&nbsp;<\/p>\n<h3><img loading=\"lazy\" decoding=\"async\" class=\"alignleft wp-image-267 size-thumbnail\" src=\"http:\/\/vdai2002.ro\/wp-content\/uploads\/2018\/09\/Fuji_DX100_MaintenanceCartridge-150x150.jpg\" alt=\"\" width=\"150\" height=\"150\" srcset=\"http:\/\/vdai2002.ro\/wp-content\/uploads\/2018\/09\/Fuji_DX100_MaintenanceCartridge-150x150.jpg 150w, http:\/\/vdai2002.ro\/wp-content\/uploads\/2018\/09\/Fuji_DX100_MaintenanceCartridge-100x100.jpg 100w\" sizes=\"(max-width: 150px) 100vw, 150px\" \/>Cartu\u0219 de mentenan\u021b\u0103 pentru\u00a0Frontier S DX100<\/h3>\n<p style=\"text-align: justify;\">\u00cen caseta de \u00eentre\u021binere se stocheaz\u0103 cerneala care este spulberat\u0103 din sistem \u00een timpul cur\u0103\u021b\u0103rii capului de imprimare. C\u00e2nd un cartu\u0219 de cerneal\u0103 este consumat sau dac\u0103 cutia de \u00eentre\u021binere se afl\u0103 la sf\u00e2r\u0219itul duratei de via\u021b\u0103, trebuie s\u0103 o \u00eenlocui\u021bi.<\/p>\n<p>&nbsp;<\/p>\n<p>&nbsp;<\/p>\n","protected":false},"excerpt":{"rendered":"<p>&nbsp; H\u00e2rtie inkjet pentru Frontier S DX100 Aceast\u0103 este proiectat\u0103 s\u0103 func\u021bioneze cu imprimanta foto Frontier-S DX100 \u0219i este optimizat\u0103 pentru sistemul de cerneal\u0103 VIVIDIA cu \u0219ase culori folosit de imprimant\u0103. &nbsp; Tipuri \u0219i dimensiuni 152mm\/65m &#8211; LUSTRE\/GLOSSY 127mm\/65m &#8211; LUSTRE\/GLOSSY 203mm\/65m &#8211; LUSTRE\/GLOSSY &nbsp; Ink\u00a0 (Cerneal\u0103) pentru Frontier S DX100 Cernelurile colorate &#8220;VIVIDIA&#8221; au [&hellip;]<\/p>\n","protected":false},"author":1,"featured_media":273,"parent":0,"menu_order":0,"comment_status":"closed","ping_status":"closed","template":"","meta":{"_exactmetrics_skip_tracking":false,"_exactmetrics_sitenote_active":false,"_exactmetrics_sitenote_note":"","_exactmetrics_sitenote_category":0,"_monsterinsights_skip_tracking":false,"_monsterinsights_sitenote_active":false,"_monsterinsights_sitenote_note":"","_monsterinsights_sitenote_category":0,"jetpack_post_was_ever_published":false,"footnotes":""},"jetpack_sharing_enabled":true,"jetpack_shortlink":"https:\/\/wp.me\/Pakcvb-O","_links":{"self":[{"href":"http:\/\/vdai2002.ro\/index.php\/wp-json\/wp\/v2\/pages\/50"}],"collection":[{"href":"http:\/\/vdai2002.ro\/index.php\/wp-json\/wp\/v2\/pages"}],"about":[{"href":"http:\/\/vdai2002.ro\/index.php\/wp-json\/wp\/v2\/types\/page"}],"author":[{"embeddable":true,"href":"http:\/\/vdai2002.ro\/index.php\/wp-json\/wp\/v2\/users\/1"}],"replies":[{"embeddable":true,"href":"http:\/\/vdai2002.ro\/index.php\/wp-json\/wp\/v2\/comments?post=50"}],"version-history":[{"count":7,"href":"http:\/\/vdai2002.ro\/index.php\/wp-json\/wp\/v2\/pages\/50\/revisions"}],"predecessor-version":[{"id":760,"href":"http:\/\/vdai2002.ro\/index.php\/wp-json\/wp\/v2\/pages\/50\/revisions\/760"}],"wp:featuredmedia":[{"embeddable":true,"href":"http:\/\/vdai2002.ro\/index.php\/wp-json\/wp\/v2\/media\/273"}],"wp:attachment":[{"href":"http:\/\/vdai2002.ro\/index.php\/wp-json\/wp\/v2\/media?parent=50"}],"curies":[{"name":"wp","href":"https:\/\/api.w.org\/{rel}","templated":true}]}}