{"id":658,"date":"2019-11-17T20:00:26","date_gmt":"2019-11-17T20:00:26","guid":{"rendered":"http:\/\/vdai2002.ro\/?page_id=658"},"modified":"2021-03-16T09:35:26","modified_gmt":"2021-03-16T09:35:26","slug":"frontier-de100","status":"publish","type":"page","link":"http:\/\/vdai2002.ro\/index.php\/frontier-de100\/","title":{"rendered":"FRONTIER DE100-DRY MINILAB  FUJIFILM"},"content":{"rendered":"<h2><strong>FRONTIER DE100<\/strong><\/h2>\n<p>Frontier DE100 este o imprimant\u0103 foto compact\u0103, care produce imagini de \u00eenalt\u0103 calitate pe o varietate de tipuri de h\u00e2rtie foto. Configura\u021bia sa flexibil\u0103 de sistem accept\u0103 o mare varietate de produse de tip\u0103rire pentru a satisface o gam\u0103 larg\u0103 de oportunit\u0103\u021bi de imprimare a fotografiilor digitale.<\/p>\n<h3><strong>Caracteristici <img loading=\"lazy\" decoding=\"async\" class=\"alignright wp-image-707 size-medium\" src=\"http:\/\/vdai2002.ro\/wp-content\/uploads\/2021\/03\/de100_1000px-300x300.jpg\" alt=\"\" width=\"300\" height=\"300\" srcset=\"http:\/\/vdai2002.ro\/wp-content\/uploads\/2021\/03\/de100_1000px-300x300.jpg 300w, http:\/\/vdai2002.ro\/wp-content\/uploads\/2021\/03\/de100_1000px-150x150.jpg 150w, http:\/\/vdai2002.ro\/wp-content\/uploads\/2021\/03\/de100_1000px.jpg 600w, http:\/\/vdai2002.ro\/wp-content\/uploads\/2021\/03\/de100_1000px-100x100.jpg 100w\" sizes=\"(max-width: 300px) 100vw, 300px\" \/><\/strong><\/h3>\n<p style=\"text-align: justify;\">Pentru a satisface nevoile afacerii dvs., poate fi configurat prin combinarea a p\u00e2n\u0103 la 4 sau mai multe Frontier DE100. Aceast\u0103 configurare se realizez\u0103 \u00eempreun\u0103 cu software-ul \u0219i echipamentele op\u021bionale.<\/p>\n<p style=\"text-align: justify;\">Calitatea imaginii neted\u0103 \u0219i accentuat\u0103<br \/>\nFrontier DE100 folose\u0219te 4 culori, care produc imprimeuri frumoase, cu o granularitate \u0219i claritate excep\u021bional\u0103, ceea ce duce la satisfac\u021bia complet\u0103 a clien\u021bilor.<\/p>\n<p style=\"text-align: justify;\">Pentru o \u00eenalt\u0103 calitate a fotografiei aceast\u0103 imprimanta foto utilizeaz\u0103 ink-uri\u00a0ViViDiA D-photo cu v\u00e2scozitate ridicat\u0103 \u00een 4 culori. Acestea sunt dezvoltate cu tehnologia noastr\u0103 proprie \u0219i un cap de imprimare cu rezolu\u021bie \u00eenalt\u0103 (1.200 x 1.200 dpi).<\/p>\n<p style=\"text-align: justify;\">Extinde\u021bi veniturile \u0219i satisface\u021bi tendin\u021bele clien\u021bilor cu flexibilitatea suprafe\u021bei \u0219i grosime de \u00eenalt\u0103 calitate.<\/p>\n<p style=\"text-align: justify;\">Spre deosebire de imprimantele de sublimare a coloran\u021bilor, limitate la dimensiunile de h\u00e2rtie standard. Frontier DE100 accept\u0103 o varietate de dimensiuni de h\u00e2rtie (89 x 50 mm \u2013 210 x 1.000 mm), inclusiv fotografii p\u0103trate.\u00a0 Fotografiile p\u0103trate au fost popularizate de aplica\u021biile de telefon inteligent, de tip portofel \u0219i de imprimeuri de banner pentru decora\u021biuni de camer\u0103.<\/p>\n<p><span style=\"color: #ff0000;\"><em><a style=\"color: #ff0000;\" href=\"http:\/\/vdai2002.ro\/wp-content\/uploads\/2019\/11\/frontier_de100.pdf\">BROSURA<\/a><\/em><\/span><\/p>\n<p><em>\u00a0<\/em><\/p>\n<p><a href=\"https:\/\/www.fujifilm.com\/products\/photofinishing\/dry_minilabs\/de100\/\"><em>sursa<\/em><\/a><\/p>\n","protected":false},"excerpt":{"rendered":"<p>FRONTIER DE100 Frontier DE100 este o imprimant\u0103 foto compact\u0103, care produce imagini de \u00eenalt\u0103 calitate pe o varietate de tipuri de h\u00e2rtie foto. Configura\u021bia sa flexibil\u0103 de sistem accept\u0103 o mare varietate de produse de tip\u0103rire pentru a satisface o gam\u0103 larg\u0103 de oportunit\u0103\u021bi de imprimare a fotografiilor digitale. Caracteristici Pentru a satisface nevoile afacerii [&hellip;]<\/p>\n","protected":false},"author":1,"featured_media":679,"parent":0,"menu_order":0,"comment_status":"closed","ping_status":"closed","template":"","meta":{"_exactmetrics_skip_tracking":false,"_exactmetrics_sitenote_active":false,"_exactmetrics_sitenote_note":"","_exactmetrics_sitenote_category":0,"_monsterinsights_skip_tracking":false,"_monsterinsights_sitenote_active":false,"_monsterinsights_sitenote_note":"","_monsterinsights_sitenote_category":0,"jetpack_post_was_ever_published":false,"footnotes":""},"jetpack_sharing_enabled":true,"jetpack_shortlink":"https:\/\/wp.me\/Pakcvb-aC","_links":{"self":[{"href":"http:\/\/vdai2002.ro\/index.php\/wp-json\/wp\/v2\/pages\/658"}],"collection":[{"href":"http:\/\/vdai2002.ro\/index.php\/wp-json\/wp\/v2\/pages"}],"about":[{"href":"http:\/\/vdai2002.ro\/index.php\/wp-json\/wp\/v2\/types\/page"}],"author":[{"embeddable":true,"href":"http:\/\/vdai2002.ro\/index.php\/wp-json\/wp\/v2\/users\/1"}],"replies":[{"embeddable":true,"href":"http:\/\/vdai2002.ro\/index.php\/wp-json\/wp\/v2\/comments?post=658"}],"version-history":[{"count":3,"href":"http:\/\/vdai2002.ro\/index.php\/wp-json\/wp\/v2\/pages\/658\/revisions"}],"predecessor-version":[{"id":708,"href":"http:\/\/vdai2002.ro\/index.php\/wp-json\/wp\/v2\/pages\/658\/revisions\/708"}],"wp:featuredmedia":[{"embeddable":true,"href":"http:\/\/vdai2002.ro\/index.php\/wp-json\/wp\/v2\/media\/679"}],"wp:attachment":[{"href":"http:\/\/vdai2002.ro\/index.php\/wp-json\/wp\/v2\/media?parent=658"}],"curies":[{"name":"wp","href":"https:\/\/api.w.org\/{rel}","templated":true}]}}